{"id":1333,"date":"2024-08-29T14:55:09","date_gmt":"2024-08-29T14:55:09","guid":{"rendered":"https:\/\/podologobenidorm.com\/?page_id=1333"},"modified":"2024-09-17T17:03:31","modified_gmt":"2024-09-17T17:03:31","slug":"contacto","status":"publish","type":"page","link":"https:\/\/podologobenidorm.com\/index.php\/contacto\/","title":{"rendered":"Contacto"},"content":{"rendered":"<p>[et_pb_section fb_built=\u00bb1&#8243; module_id=\u00bbcontacto\u00bb _builder_version=\u00bb4.21.0&#8243; _module_preset=\u00bbdefault\u00bb custom_padding=\u00bb0px||130px|||\u00bb global_colors_info=\u00bb{}\u00bb da_is_popup=\u00bboff\u00bb da_exit_intent=\u00bboff\u00bb da_has_close=\u00bbon\u00bb da_alt_close=\u00bboff\u00bb da_dark_close=\u00bboff\u00bb da_not_modal=\u00bbon\u00bb da_is_singular=\u00bboff\u00bb da_with_loader=\u00bboff\u00bb da_has_shadow=\u00bbon\u00bb da_disable_devices=\u00bboff|off|off\u00bb][et_pb_row use_custom_gutter=\u00bbon\u00bb _builder_version=\u00bb4.21.0&#8243; background_image=\u00bbhttps:\/\/podologobenidorm.com\/wp-content\/uploads\/2024\/02\/SesionCristinapodologaWebReducidas-280922-39.jpg\u00bb parallax=\u00bbon\u00bb width=\u00bb93%\u00bb max_width=\u00bb93%\u00bb module_alignment=\u00bbright\u00bb custom_margin=\u00bb|||\u00bb custom_margin_phone=\u00bb|||\u00bb custom_margin_last_edited=\u00bboff|desktop\u00bb custom_padding=\u00bb100px|40px|100px|40px|true|true\u00bb animation_style=\u00bbslide\u00bb animation_direction=\u00bbright\u00bb animation_intensity_slide=\u00bb5%\u00bb border_radii=\u00bb|30px|||30px\u00bb box_shadow_style=\u00bbpreset3&#8243; box_shadow_vertical=\u00bb30px\u00bb box_shadow_blur=\u00bb80px\u00bb box_shadow_spread=\u00bb-30px\u00bb box_shadow_color=\u00bbrgba(102,141,186,0.7)\u00bb use_custom_width=\u00bbon\u00bb width_unit=\u00bboff\u00bb custom_width_percent=\u00bb93%\u00bb global_colors_info=\u00bb{}\u00bb][et_pb_column type=\u00bb4_4&#8243; _builder_version=\u00bb4.16&#8243; custom_padding=\u00bb|||\u00bb global_colors_info=\u00bb{}\u00bb custom_padding__hover=\u00bb|||\u00bb][et_pb_image src=\u00bbhttps:\/\/podologobenidorm.com\/wp-content\/uploads\/2023\/08\/footprint.png\u00bb title_text=\u00bbfootprint\u00bb align=\u00bbcenter\u00bb align_tablet=\u00bbcenter\u00bb align_phone=\u00bbcenter\u00bb align_last_edited=\u00bbon|desktop\u00bb _builder_version=\u00bb4.21.0&#8243; width=\u00bb100%\u00bb max_width=\u00bb5%\u00bb global_colors_info=\u00bb{}\u00bb][\/et_pb_image][et_pb_text _builder_version=\u00bb4.21.0&#8243; _module_preset=\u00bbc16985e1-e0d6-4022-964d-e2bfc04fa633&#8243; text_text_color=\u00bb#ffffff\u00bb header_font=\u00bbClarity City|700|||||||\u00bb header_text_align=\u00bbcenter\u00bb header_text_color=\u00bb#ffffff\u00bb header_font_size=\u00bb65px\u00bb header_line_height=\u00bb1.1em\u00bb custom_margin=\u00bb||30px||false|false\u00bb header_font_size_tablet=\u00bb40px\u00bb header_font_size_phone=\u00bb24px\u00bb header_font_size_last_edited=\u00bbon|desktop\u00bb global_colors_info=\u00bb{}\u00bb]<\/p>\n<h1>Tu salud podol\u00f3gica comienza aqu\u00ed<\/h1>\n<p>[\/et_pb_text][et_pb_text _builder_version=\u00bb4.21.0&#8243; _module_preset=\u00bb948e5ab8-992a-4f88-9975-83ff35076d64&#8243; header_text_color=\u00bbgcid-f743be1f-46bf-4685-bc55-7e8b347eb98d\u00bb header_3_font=\u00bbClarity City|600|||||||\u00bb header_3_text_align=\u00bbcenter\u00bb header_3_text_color=\u00bb#ffffff\u00bb header_3_font_size=\u00bb25px\u00bb custom_margin=\u00bb||10px||false|false\u00bb global_colors_info=\u00bb{%22gcid-f743be1f-46bf-4685-bc55-7e8b347eb98d%22:%91%22header_text_color%22%93}\u00bb]<\/p>\n<h3>Cont\u00e1ctanos a trav\u00e9s del formulario o llamando al <a data-dtype=\"d3ph\" data-local-attribute=\"d3ph\" jscontroller=\"LWZElb\" href=\"https:\/\/www.google.com\/search?q=lopez+belio+telefono&amp;rlz=1C5CHFA_enES1035ES1035&amp;oq=lopez+belio+telefono&amp;gs_lcrp=EgZjaHJvbWUyBggAEEUYOTIHCAEQIRigATIHCAIQIRigATIHCAMQIRigAdIBCDI2NzdqMGo3qAIAsAIA&amp;sourceid=chrome&amp;ie=UTF-8#\" jsdata=\"QKGTRc;_;A7NygE\" jsaction=\"rcuQ6b:npT2md;F75qrd\" data-ved=\"2ahUKEwjatOyrkcyEAxU3g_0HHRFLDfwQkAgoAHoECA8QAw\"><span aria-label=\"Llamar al n\u00famero de tel\u00e9fono 966 44 45 44\">966 44 45 44<\/span><\/a><\/h3>\n<p>[\/et_pb_text][dvppl_cf7_styler button_alignment=\u00bbright\u00bb cf7=\u00bb1340&#8243; _builder_version=\u00bb4.21.0&#8243; _module_preset=\u00bbdefault\u00bb form_field_font_text_color=\u00bb#7F807F\u00bb form_field_font_font_size=\u00bb16px\u00bb form_field_font_line_height=\u00bb1.2em\u00bb labels_text_color=\u00bb#ffffff\u00bb labels_font_size=\u00bb19px\u00bb custom_submit_button=\u00bbon\u00bb submit_button_text_size=\u00bb16px\u00bb submit_button_bg_color=\u00bb#008E79&#8243; submit_button_border_width=\u00bb0px\u00bb submit_button_border_radius=\u00bb100px\u00bb submit_button_letter_spacing=\u00bb2px\u00bb submit_button_font=\u00bbClarity City|700||on|||||\u00bb submit_button_custom_padding=\u00bb20px|40px|20px|40px|true|true\u00bb max_width=\u00bb800px\u00bb module_alignment=\u00bbcenter\u00bb border_radii_field=\u00bbon|10px|10px|10px|10px\u00bb global_module=\u00bb1352&#8243; saved_tabs=\u00bball\u00bb global_colors_info=\u00bb{}\u00bb][\/dvppl_cf7_styler][et_pb_toggle title=\u00bbInfo legal\u00bb open_toggle_text_color=\u00bb#ffffff\u00bb open_toggle_background_color=\u00bbRGBA(255,255,255,0)\u00bb closed_toggle_background_color=\u00bbRGBA(255,255,255,0)\u00bb _builder_version=\u00bb4.21.0&#8243; _module_preset=\u00bbdefault\u00bb title_text_color=\u00bb#ffffff\u00bb title_font_size=\u00bb13px\u00bb body_text_color=\u00bb#ffffff\u00bb body_font_size=\u00bb15px\u00bb max_width=\u00bb800px\u00bb module_alignment=\u00bbcenter\u00bb border_width_all=\u00bb0px\u00bb global_module=\u00bb1359&#8243; saved_tabs=\u00bball\u00bb global_colors_info=\u00bb{}\u00bb]<\/p>\n<p><span>Responsable: Cristina L\u00f3pez-Bel\u00edo<\/span><br \/><span>Finalidad: Enviarte informaci\u00f3n sobre los servicios disponibles y resolver tus dudas.<\/span><br \/><span>Legitimaci\u00f3n: Tu consentimiento de conformidad con la Pol\u00edtica de Privacidad.<\/span><br \/><span>Destinatarios: Los datos que nos facilitas solo son accesibles para nosotros y para la plataforma de email Mailchimp, la cual utilizamos para gestionar nuestros mailings y newsletter. En ning\u00fan caso se distribuir\u00e1n a terceros con fines comerciales.<\/span><br \/><span>Derechos: Tendr\u00e1s derecho, entre otros, a acceder, rectificar, limitar y suprimir tus datos cuando quieras.<\/span><\/p>\n<p>[\/et_pb_toggle][\/et_pb_column][\/et_pb_row][\/et_pb_section][et_pb_section fb_built=\u00bb1&#8243; _builder_version=\u00bb4.21.0&#8243; _module_preset=\u00bbdefault\u00bb custom_padding=\u00bb||90px|||\u00bb global_colors_info=\u00bb{}\u00bb da_is_popup=\u00bboff\u00bb da_exit_intent=\u00bboff\u00bb da_has_close=\u00bbon\u00bb da_alt_close=\u00bboff\u00bb da_dark_close=\u00bboff\u00bb da_not_modal=\u00bbon\u00bb da_is_singular=\u00bboff\u00bb da_with_loader=\u00bboff\u00bb da_has_shadow=\u00bbon\u00bb da_disable_devices=\u00bboff|off|off\u00bb][et_pb_row _builder_version=\u00bb4.21.0&#8243; _module_preset=\u00bbdefault\u00bb global_colors_info=\u00bb{}\u00bb][et_pb_column type=\u00bb4_4&#8243; _builder_version=\u00bb4.21.0&#8243; _module_preset=\u00bbdefault\u00bb global_colors_info=\u00bb{}\u00bb][et_pb_text _builder_version=\u00bb4.21.0&#8243; _module_preset=\u00bbd118d573-b30d-4b99-8064-7923f035dcdc\u00bb header_2_font=\u00bbClarity City|600|||||||\u00bb header_2_font_size=\u00bb60px\u00bb custom_margin=\u00bb||-7px|||\u00bb global_colors_info=\u00bb{}\u00bb]<\/p>\n<h2>D\u00f3nde estamos<\/h2>\n<p>[\/et_pb_text][et_pb_text _builder_version=\u00bb4.21.0&#8243; _module_preset=\u00bb948e5ab8-992a-4f88-9975-83ff35076d64&#8243; header_text_color=\u00bbgcid-f743be1f-46bf-4685-bc55-7e8b347eb98d\u00bb header_3_font=\u00bbClarity City|600|||||||\u00bb header_3_text_align=\u00bbleft\u00bb header_3_font_size=\u00bb25px\u00bb custom_margin=\u00bb||0px||false|false\u00bb global_colors_info=\u00bb{%22gcid-f743be1f-46bf-4685-bc55-7e8b347eb98d%22:%91%22header_text_color%22%93}\u00bb]<\/p>\n<div jstcache=\"25\" class=\"address\" jsan=\"7.address\">Av. Emilio Ortu\u00f1o, 12, 03501 Benidorm, Alicante<\/div>\n<p>[\/et_pb_text][et_pb_code _builder_version=\u00bb4.21.0&#8243; _module_preset=\u00bbdefault\u00bb custom_margin=\u00bb30px||||false|false\u00bb global_colors_info=\u00bb{}\u00bb]<iframe src=\"https:\/\/www.google.com\/maps\/embed?pb=!1m18!1m12!1m3!1d3120.841127195763!2d-0.13075732431153003!3d38.53743027180302!2m3!1f0!2f0!3f0!3m2!1i1024!2i768!4f13.1!3m3!1m2!1s0xd6204e62a6601c1%3A0xc967812ca9449a9f!2zTMOTUEVaLUJFTMONTyBGb290IENlbnRlciDwn5Gj!5e0!3m2!1ses!2ses!4v1709060955735!5m2!1ses!2ses\" width=\"2000\" height=\"500\" style=\"border:0;\" allowfullscreen=\"\" loading=\"lazy\" referrerpolicy=\"no-referrer-when-downgrade\"><\/iframe>[\/et_pb_code][\/et_pb_column][\/et_pb_row][\/et_pb_section]<\/p>\n","protected":false},"excerpt":{"rendered":"<p>Tu salud podol\u00f3gica comienza aqu\u00edCont\u00e1ctanos a trav\u00e9s del formulario o llamando al 966 44 45 44<div class=\"et_pb_module dvppl_cf7_styler dvppl_cf7_styler_0\">\n\t\t\t\t\n\t\t\t\t\n\t\t\t\t\n\t\t\t\t\n\t\t\t\t\n\t\t\t\t\n\t\t\t\t<div class=\"et_pb_module_inner\">\n\t\t\t\t\t<div class=\"dipe-cf7-container dipe-cf7-button-right\">\n\t\t\t\t\n\t\t\t\t<div class=\"dipe-cf7 dipe-cf7-styler \">\n\t\t\t\t\t\n<div class=\"wpcf7 no-js\" id=\"wpcf7-f1340-o1\" lang=\"es-ES\" dir=\"ltr\">\n<div class=\"screen-reader-response\"><p role=\"status\" aria-live=\"polite\" aria-atomic=\"true\"><\/p> <ul><\/ul><\/div>\n<form action=\"\/index.php\/wp-json\/wp\/v2\/pages\/1333#wpcf7-f1340-o1\" method=\"post\" class=\"wpcf7-form init\" aria-label=\"Formulario de contacto\" novalidate=\"novalidate\" data-status=\"init\">\n<div style=\"display: none;\">\n<input type=\"hidden\" name=\"_wpcf7\" value=\"1340\" \/>\n<input type=\"hidden\" name=\"_wpcf7_version\" value=\"5.9.8\" \/>\n<input type=\"hidden\" name=\"_wpcf7_locale\" value=\"es_ES\" \/>\n<input type=\"hidden\" name=\"_wpcf7_unit_tag\" value=\"wpcf7-f1340-o1\" \/>\n<input type=\"hidden\" name=\"_wpcf7_container_post\" value=\"0\" \/>\n<input type=\"hidden\" name=\"_wpcf7_posted_data_hash\" value=\"\" \/>\n<\/div>\n<p><label> Nombre<br \/>\n<span class=\"wpcf7-form-control-wrap\" data-name=\"nombre\"><input size=\"40\" maxlength=\"400\" class=\"wpcf7-form-control wpcf7-text wpcf7-validates-as-required\" aria-required=\"true\" aria-invalid=\"false\" value=\"\" type=\"text\" name=\"nombre\" \/><\/span> <\/label>\n<\/p>\n<p><label> Email<br \/>\n<span class=\"wpcf7-form-control-wrap\" data-name=\"email\"><input size=\"40\" maxlength=\"400\" class=\"wpcf7-form-control wpcf7-email wpcf7-validates-as-required wpcf7-text wpcf7-validates-as-email\" aria-required=\"true\" aria-invalid=\"false\" value=\"\" type=\"email\" name=\"email\" \/><\/span> <\/label>\n<\/p>\n<p><label> Consulta<br \/>\n<span class=\"wpcf7-form-control-wrap\" data-name=\"consulta\"><textarea cols=\"40\" rows=\"10\" maxlength=\"2000\" class=\"wpcf7-form-control wpcf7-textarea wpcf7-validates-as-required\" aria-required=\"true\" aria-invalid=\"false\" name=\"consulta\"><\/textarea><\/span> <\/label>\n<\/p>\n<p><span class=\"wpcf7-form-control-wrap\" data-name=\"Polticadeprivacidad\"><span class=\"wpcf7-form-control wpcf7-acceptance\"><span class=\"wpcf7-list-item\"><label><input type=\"checkbox\" name=\"Polticadeprivacidad\" value=\"1\" aria-invalid=\"false\" \/><span class=\"wpcf7-list-item-label\">He le\u00eddo y acepto la <a href=\"https:\/\/podologobenidorm.com\/\/politica-de-privacidad\/\">Pol\u00edtica de Privacidad<\/a> y el <a href=\"https:\/\/podologobenidorm.com\/aviso-legal\">Aviso legal<\/a><\/span><\/label><\/span><\/span><\/span>\n<\/p>\n<p><input class=\"wpcf7-form-control wpcf7-submit has-spinner\" type=\"submit\" value=\"Enviar\" \/>\n<\/p><div class=\"wpcf7-response-output\" aria-hidden=\"true\"><\/div>\n<\/form>\n<\/div>\n\n\t\t\t\t<\/div>\n\t\t\t<\/div>\n\t\t\t\t<\/div>\n\t\t\t<\/div>Responsable: Cristina L\u00f3pez-Bel\u00edoFinalidad: Enviarte informaci\u00f3n sobre los servicios disponibles y resolver tus dudas.Legitimaci\u00f3n: Tu consentimiento de [&hellip;]<\/p>\n","protected":false},"author":1,"featured_media":0,"parent":0,"menu_order":0,"comment_status":"closed","ping_status":"closed","template":"","meta":{"_et_pb_use_builder":"on","_et_pb_old_content":"","_et_gb_content_width":"","footnotes":""},"class_list":["post-1333","page","type-page","status-publish","hentry"],"_links":{"self":[{"href":"https:\/\/podologobenidorm.com\/index.php\/wp-json\/wp\/v2\/pages\/1333","targetHints":{"allow":["GET"]}}],"collection":[{"href":"https:\/\/podologobenidorm.com\/index.php\/wp-json\/wp\/v2\/pages"}],"about":[{"href":"https:\/\/podologobenidorm.com\/index.php\/wp-json\/wp\/v2\/types\/page"}],"author":[{"embeddable":true,"href":"https:\/\/podologobenidorm.com\/index.php\/wp-json\/wp\/v2\/users\/1"}],"replies":[{"embeddable":true,"href":"https:\/\/podologobenidorm.com\/index.php\/wp-json\/wp\/v2\/comments?post=1333"}],"version-history":[{"count":9,"href":"https:\/\/podologobenidorm.com\/index.php\/wp-json\/wp\/v2\/pages\/1333\/revisions"}],"predecessor-version":[{"id":1525,"href":"https:\/\/podologobenidorm.com\/index.php\/wp-json\/wp\/v2\/pages\/1333\/revisions\/1525"}],"wp:attachment":[{"href":"https:\/\/podologobenidorm.com\/index.php\/wp-json\/wp\/v2\/media?parent=1333"}],"curies":[{"name":"wp","href":"https:\/\/api.w.org\/{rel}","templated":true}]}}