{"id":1369,"date":"2024-08-29T15:32:05","date_gmt":"2024-08-29T15:32:05","guid":{"rendered":"https:\/\/podologobenidorm.com\/?page_id=1369"},"modified":"2024-08-29T15:32:05","modified_gmt":"2024-08-29T15:32:05","slug":"politica-de-cookies","status":"publish","type":"page","link":"https:\/\/podologobenidorm.com\/index.php\/politica-de-cookies\/","title":{"rendered":"Pol\u00edtica de cookies"},"content":{"rendered":"<p>[et_pb_section fb_built=\u00bb1&#8243; theme_builder_area=\u00bbpost_content\u00bb _builder_version=\u00bb4.21.0&#8243; _module_preset=\u00bbdefault\u00bb][et_pb_row _builder_version=\u00bb4.21.0&#8243; _module_preset=\u00bbdefault\u00bb theme_builder_area=\u00bbpost_content\u00bb][et_pb_column _builder_version=\u00bb4.21.0&#8243; _module_preset=\u00bbdefault\u00bb type=\u00bb4_4&#8243; theme_builder_area=\u00bbpost_content\u00bb][et_pb_text _builder_version=\u00bb4.21.0&#8243; _module_preset=\u00bbdefault\u00bb theme_builder_area=\u00bbpost_content\u00bb hover_enabled=\u00bb0&#8243; sticky_enabled=\u00bb0&#8243;]<\/p>\n<h2>Pol\u00edtica de cookies<\/h2>\n<ol><\/ol>\n<p><span>Las cookies son peque\u00f1as cantidades de informaci\u00f3n que se almacenan en el navegador utilizado por cada usuario para que el servidor recuerde cierta informaci\u00f3n que posteriormente pueda utilizar.<\/span><\/p>\n<h4><span>TIPOS DE COOKIES QUE UTILIZAMOS<\/span><\/h4>\n<p><span>Esta p\u00e1gina web utiliza cookies de terceros que son aquellas que se env\u00edan a tu ordenador o terminal desde un dominio o una p\u00e1gina web que no es gestionada por nosotros, sino por otra entidad que trata los datos obtenidos a trav\u00e9s de las cookies.<\/span><\/p>\n<p><span>En este caso las Cookies son utilizadas con fines estad\u00edsticos relacionados con las visitas que recibe y las p\u00e1ginas que se consultan, quedando aceptado su uso al navegar por ella.<\/span><\/p>\n<table>\n<tbody>\n<tr>\n<td>\n<p><b>COOKIE<\/b><\/p>\n<p><b>(Y PROVEEDOR)<\/b><\/p>\n<\/td>\n<td>\n<p><b>DURACI\u00d3N<\/b><\/p>\n<\/td>\n<td>\n<p><b>DESCRIPCI\u00d3N<\/b><\/p>\n<\/td>\n<\/tr>\n<tr>\n<td>\n<p><span>__cfduid (notin.es)<\/span><\/p>\n<\/td>\n<td>\n<p><span>Sesi\u00f3n<\/span><\/p>\n<\/td>\n<td>\n<p><span>Publicidad<\/span><\/p>\n<\/td>\n<\/tr>\n<tr>\n<td>\n<p><span>personalization_id (twitter.com)<\/span><\/p>\n<\/td>\n<td>\n<p><span>Sesi\u00f3n<\/span><\/p>\n<\/td>\n<td>\n<p><span>Twitter<\/span><\/p>\n<\/td>\n<\/tr>\n<tr>\n<td>\n<p><span>Facebook<\/span><\/p>\n<\/td>\n<td>\n<p><span>Publicidad, estad\u00edsticas y mediciones<\/span><\/p>\n<\/td>\n<td>\n<p><span>Coloca Cookies en el ordenador o dispositivo y recibe la informaci\u00f3n almacenada en ellas cuando utilizas o visitas servicios prestados por otras empresas que utilizan los servicios de Facebook.<\/span><\/p>\n<\/td>\n<\/tr>\n<tr>\n<td>\n<p><span>_ga (Google)<\/span><\/p>\n<\/td>\n<td>\n<p><span>2 a\u00f1os<\/span><\/p>\n<\/td>\n<td>\n<p><span>Se usa para distinguir a los usuarios.<\/span><\/p>\n<\/td>\n<\/tr>\n<tr>\n<td>\n<p><span>_gid (Google)<\/span><\/p>\n<\/td>\n<td>\n<p><span>24 horas<\/span><\/p>\n<\/td>\n<td>\n<p><span>Se usa para distinguir a los usuarios.<\/span><\/p>\n<\/td>\n<\/tr>\n<tr>\n<td>\n<p><span>_gat (Google)<\/span><\/p>\n<\/td>\n<td>\n<p><span>1 minuto<\/span><\/p>\n<\/td>\n<td>\n<p><span>Se usa para limitar el porcentaje de solicitudes. Si se ha implementado Google Analytics mediante Google Tag Manager, esta cookie se llamar\u00e1 _dc_gtm_&lt;property-id&gt;.<\/span><\/p>\n<\/td>\n<\/tr>\n<tr>\n<td>\n<p><span>_gali (Google)<\/span><\/p>\n<\/td>\n<td>\n<p><span>30s<\/span><\/p>\n<\/td>\n<td>\n<p><span>Atribuci\u00f3n de enlace mejorada.<\/span><\/p>\n<\/td>\n<\/tr>\n<tr>\n<td>\n<p><span>_unam (SHARETHIS)<\/span><\/p>\n<\/td>\n<td>\n<p><span>Persistente<\/span><\/p>\n<\/td>\n<td>\n<p><span>Su finalidad es cuantificar el n\u00famero de Usuarios que comparten un determinado contenido y cu\u00e1ntas p\u00e1ginas web son visitadas a ra\u00edz de esa acci\u00f3n.<\/span><\/p>\n<\/td>\n<\/tr>\n<tr>\n<td>\n<p><span>WordPress<\/span><\/p>\n<\/td>\n<td>\n<p><span>2 a\u00f1os<\/span><\/p>\n<\/td>\n<td>\n<p><span>Utilizado para el correcto funcionamiento del gestor de contenido WordPress.<\/span><\/p>\n<\/td>\n<\/tr>\n<\/tbody>\n<\/table>\n<p><span>Si deseas m\u00e1s informaci\u00f3n sobre los tipos de cookies de seguimiento y an\u00e1lisis de datos de Google\u00a0<\/span><a href=\"https:\/\/www.google.com\/intl\/es_es\/policies\/technologies\/types\/\"><span>haz clic aqu\u00ed<\/span><\/a><span>.<\/span><\/p>\n<p><span>Para informarse sobre c\u00f3mo eliminar las cookies de su explorador:<\/span><\/p>\n<ul>\n<li aria-level=\"1\"><a href=\"https:\/\/support.mozilla.org\/es\/kb\/habilitar-y-deshabilitar-cookies-sitios-web-rastrear-preferencias\"><span>Firefox<\/span><\/a><\/li>\n<li aria-level=\"1\"><a href=\"https:\/\/support.google.com\/chrome\/answer\/95647?hl=es\"><span>Chrome<\/span><\/a><\/li>\n<li aria-level=\"1\"><a href=\"https:\/\/support.microsoft.com\/es-es\/topic\/eliminar-y-administrar-cookies-168dab11-0753-043d-7c16-ede5947fc64d\"><span>Internet Explorer<\/span><\/a><\/li>\n<li aria-level=\"1\"><a href=\"https:\/\/support.apple.com\/kb\/PH19214?viewlocale=es_ES&amp;locale=es_ES\"><span>Safari<\/span><\/a><\/li>\n<li aria-level=\"1\"><a href=\"https:\/\/www.allaboutcookies.org\/es\/administrar-las-cookies\/opera.html\"><span>Opera<\/span><\/a><\/li>\n<\/ul>\n<p>[\/et_pb_text][\/et_pb_column][\/et_pb_row][\/et_pb_section]<\/p>\n","protected":false},"excerpt":{"rendered":"<p>Pol\u00edtica de cookies Las cookies son peque\u00f1as cantidades de informaci\u00f3n que se almacenan en el navegador utilizado por cada usuario para que el servidor recuerde cierta informaci\u00f3n que posteriormente pueda utilizar. TIPOS DE COOKIES QUE UTILIZAMOS Esta p\u00e1gina web utiliza cookies de terceros que son aquellas que se env\u00edan a tu ordenador o terminal desde [&hellip;]<\/p>\n","protected":false},"author":1,"featured_media":0,"parent":0,"menu_order":0,"comment_status":"closed","ping_status":"closed","template":"","meta":{"_et_pb_use_builder":"on","_et_pb_old_content":"","_et_gb_content_width":"","footnotes":""},"class_list":["post-1369","page","type-page","status-publish","hentry"],"_links":{"self":[{"href":"https:\/\/podologobenidorm.com\/index.php\/wp-json\/wp\/v2\/pages\/1369","targetHints":{"allow":["GET"]}}],"collection":[{"href":"https:\/\/podologobenidorm.com\/index.php\/wp-json\/wp\/v2\/pages"}],"about":[{"href":"https:\/\/podologobenidorm.com\/index.php\/wp-json\/wp\/v2\/types\/page"}],"author":[{"embeddable":true,"href":"https:\/\/podologobenidorm.com\/index.php\/wp-json\/wp\/v2\/users\/1"}],"replies":[{"embeddable":true,"href":"https:\/\/podologobenidorm.com\/index.php\/wp-json\/wp\/v2\/comments?post=1369"}],"version-history":[{"count":2,"href":"https:\/\/podologobenidorm.com\/index.php\/wp-json\/wp\/v2\/pages\/1369\/revisions"}],"predecessor-version":[{"id":1371,"href":"https:\/\/podologobenidorm.com\/index.php\/wp-json\/wp\/v2\/pages\/1369\/revisions\/1371"}],"wp:attachment":[{"href":"https:\/\/podologobenidorm.com\/index.php\/wp-json\/wp\/v2\/media?parent=1369"}],"curies":[{"name":"wp","href":"https:\/\/api.w.org\/{rel}","templated":true}]}}