{"id":451,"date":"2023-11-14T06:46:47","date_gmt":"2023-11-14T06:46:47","guid":{"rendered":"https:\/\/podologobenidorm.com\/?page_id=451"},"modified":"2024-09-17T16:46:35","modified_gmt":"2024-09-17T16:46:35","slug":"quiropodologia","status":"publish","type":"page","link":"https:\/\/podologobenidorm.com\/index.php\/quiropodologia\/","title":{"rendered":"Quiropodolog\u00eda"},"content":{"rendered":"<p>[et_pb_section fb_built=\u00bb1&#8243; admin_label=\u00bbHeader\u00bb _builder_version=\u00bb4.21.0&#8243; _module_preset=\u00bbdefault\u00bb background_color=\u00bb#B7DBD0&#8243; background_image=\u00bbhttps:\/\/podologobenidorm.com\/wp-content\/uploads\/2023\/03\/fondos6-1.png\u00bb parallax=\u00bbon\u00bb custom_padding=\u00bb110px||110px||true|false\u00bb da_disable_devices=\u00bboff|off|off\u00bb global_colors_info=\u00bb{}\u00bb da_is_popup=\u00bboff\u00bb da_exit_intent=\u00bboff\u00bb da_has_close=\u00bbon\u00bb da_alt_close=\u00bboff\u00bb da_dark_close=\u00bboff\u00bb da_not_modal=\u00bbon\u00bb da_is_singular=\u00bboff\u00bb da_with_loader=\u00bboff\u00bb da_has_shadow=\u00bbon\u00bb][et_pb_row column_structure=\u00bb1_2,1_2&#8243; _builder_version=\u00bb4.21.0&#8243; _module_preset=\u00bbdefault\u00bb global_colors_info=\u00bb{}\u00bb][et_pb_column type=\u00bb1_2&#8243; _builder_version=\u00bb4.21.0&#8243; _module_preset=\u00bbdefault\u00bb global_colors_info=\u00bb{}\u00bb][et_pb_image src=\u00bbhttps:\/\/podologobenidorm.com\/wp-content\/uploads\/2023\/11\/SesionCristinapodologaWebReducidas-280922-95.jpg\u00bb title_text=\u00bbSesio\u0301nCristinapodo\u0301logaWebReducidas-280922-95&#8243; _builder_version=\u00bb4.21.0&#8243; _module_preset=\u00bbdefault\u00bb custom_margin=\u00bb0px|||-16vw|false|false\u00bb custom_margin_tablet=\u00bb|||0vw|false|false\u00bb custom_margin_phone=\u00bb|||0vw|false|false\u00bb custom_margin_last_edited=\u00bbon|tablet\u00bb border_radii=\u00bbon|20px|20px|20px|20px\u00bb global_colors_info=\u00bb{}\u00bb][\/et_pb_image][\/et_pb_column][et_pb_column type=\u00bb1_2&#8243; _builder_version=\u00bb4.21.0&#8243; _module_preset=\u00bbdefault\u00bb global_colors_info=\u00bb{}\u00bb][et_pb_text _builder_version=\u00bb4.21.0&#8243; _module_preset=\u00bbc16985e1-e0d6-4022-964d-e2bfc04fa633&#8243; text_text_color=\u00bb#ffffff\u00bb header_font=\u00bbClarity City|700|||||||\u00bb header_text_color=\u00bb#202020&#8243; header_font_size=\u00bb65px\u00bb header_line_height=\u00bb1.1em\u00bb custom_margin=\u00bb||30px||false|false\u00bb header_font_size_tablet=\u00bb40px\u00bb header_font_size_phone=\u00bb24px\u00bb header_font_size_last_edited=\u00bbon|desktop\u00bb global_colors_info=\u00bb{}\u00bb]<\/p>\n<h1>Quiropodolog\u00eda<\/h1>\n<p>[\/et_pb_text][et_pb_text _builder_version=\u00bb4.21.0&#8243; _module_preset=\u00bb1f09816e-184e-4ce5-a4cf-b39c52c423ca\u00bb text_font=\u00bbGill Sans||||||||\u00bb text_text_color=\u00bb#202020&#8243; text_font_size=\u00bb20px\u00bb text_line_height=\u00bb1.8em\u00bb custom_margin=\u00bb||30px||false|false\u00bb text_font_size_tablet=\u00bb15px\u00bb text_font_size_phone=\u00bb14px\u00bb text_font_size_last_edited=\u00bbon|phone\u00bb header_font_size_tablet=\u00bb55px\u00bb header_font_size_last_edited=\u00bboff|desktop\u00bb global_colors_info=\u00bb{}\u00bb]<\/p>\n<p><span>La piel es el \u00f3rgano de mayor superficie cuya principal funci\u00f3n es la protecci\u00f3n. Tambi\u00e9n presenta funci\u00f3n t\u00e9rmica, evita la p\u00e9rdida de agua, nos protege frente a radiaciones, infecciones, etc\u00e9tera. Adem\u00e1s, la piel determina la estructura de los anejos cut\u00e1neos como el pelo, las u\u00f1as y las gl\u00e1ndulas sudor\u00edparas y seb\u00e1ceas.<\/span><span><\/span><\/p>\n<p>[\/et_pb_text][et_pb_button button_url=\u00bbhttps:\/\/podologobenidorm.com\/index.php\/quiropodologia\/#sabermas\u00bb button_text=\u00bbsaber m\u00e1s\u00bb _builder_version=\u00bb4.21.0&#8243; _module_preset=\u00bb58cc584f-ce38-4d86-b1b9-d4257270a502&#8243; button_text_size=\u00bb18px\u00bb button_text_color=\u00bb#ffffff\u00bb button_bg_color=\u00bb#008E79&#8243; button_letter_spacing=\u00bb2px\u00bb button_font=\u00bbClarity City|700||on|||||\u00bb global_colors_info=\u00bb{}\u00bb][\/et_pb_button][\/et_pb_column][\/et_pb_row][\/et_pb_section][et_pb_section fb_built=\u00bb1&#8243; admin_label=\u00bbHeader\u00bb module_id=\u00bbsabermas\u00bb _builder_version=\u00bb4.21.0&#8243; _module_preset=\u00bbdefault\u00bb background_color=\u00bbRGBA(255,255,255,0)\u00bb background_enable_image=\u00bboff\u00bb overflow-x=\u00bbhidden\u00bb overflow-y=\u00bbhidden\u00bb custom_padding=\u00bb0px||75px||false|false\u00bb da_disable_devices=\u00bboff|off|off\u00bb collapsed=\u00bbon\u00bb global_colors_info=\u00bb{}\u00bb da_is_popup=\u00bboff\u00bb da_exit_intent=\u00bboff\u00bb da_has_close=\u00bbon\u00bb da_alt_close=\u00bboff\u00bb da_dark_close=\u00bboff\u00bb da_not_modal=\u00bbon\u00bb da_is_singular=\u00bboff\u00bb da_with_loader=\u00bboff\u00bb da_has_shadow=\u00bbon\u00bb][et_pb_row column_structure=\u00bb1_2,1_2&#8243; _builder_version=\u00bb4.21.0&#8243; _module_preset=\u00bbdefault\u00bb custom_padding=\u00bb0px||||false|false\u00bb global_colors_info=\u00bb{}\u00bb][et_pb_column type=\u00bb1_2&#8243; _builder_version=\u00bb4.21.0&#8243; _module_preset=\u00bbdefault\u00bb custom_padding=\u00bb0px||||false|false\u00bb custom_padding_tablet=\u00bb12%||||false|false\u00bb custom_padding_phone=\u00bb12%||||false|false\u00bb custom_padding_last_edited=\u00bbon|desktop\u00bb global_colors_info=\u00bb{}\u00bb][et_pb_text _builder_version=\u00bb4.21.0&#8243; _module_preset=\u00bb8f25a4b7-dcd6-4184-bc12-b644b83ddfc1&#8243; text_font=\u00bbGill Sans||||||||\u00bb text_text_color=\u00bb#000000&#8243; text_font_size=\u00bb20px\u00bb custom_padding=\u00bb||188px|||\u00bb hover_enabled=\u00bb0&#8243; global_colors_info=\u00bb{}\u00bb custom_padding_last_edited=\u00bbon|phone\u00bb custom_padding_phone=\u00bb||0px||false|false\u00bb sticky_enabled=\u00bb0&#8243; custom_padding_tablet=\u00bb||188px|||\u00bb]<\/p>\n<p><span><\/span><\/p>\n<p><span>En el pie son numerosas las afecciones dermatol\u00f3gicas y ungueales que se pueden encontrar. Las t\u00e9cnicas quiropodol\u00f3gicas aportan al pod\u00f3logo una herramienta fundamental para el diagn\u00f3stico y tratamiento de estas enfermedades:<\/span><\/p>\n<p><span><\/span><\/p>\n<ul>\n<li><span> <\/span><span>Hiperqueratosis \/ Durezas<\/span><\/li>\n<li><span> <\/span><span>Corte y fresado de u\u00f1as (U\u00f1as engrosadas)<\/span><\/li>\n<li><span> <\/span><span>Reconstrucci\u00f3n est\u00e9tica de u\u00f1as traum\u00e1ticas<\/span><\/li>\n<li><span> <\/span><span>Verrugas \/ Papilomas<\/span><\/li>\n<li><span> <\/span><span>Hongos \/ Micosis \/ Pie de atleta \/ Infecciones bacterianas<\/span><\/li>\n<li><span> <\/span><span>U\u00f1as incarnadas<\/span><\/li>\n<li><span> <\/span><span>Patolog\u00eda dermatol\u00f3gica \u200b(Exceso de sudoraci\u00f3n, Eczemas, Dermatitis, Psoriasis)<\/span><\/li>\n<li><span> <\/span><span>Cambios de coloraci\u00f3n en las u\u00f1as<\/span><\/li>\n<\/ul>\n<p>[\/et_pb_text][et_pb_button button_url=\u00bbhttps:\/\/api.whatsapp.com\/send?phone=34695840559&#038;text=%C2%A1Hola!%20Me%20gustar%C3%ADa%20solicitar%20una%20cita\u00bb button_text=\u00bbPIDE CITA\u00bb _builder_version=\u00bb4.21.0&#8243; _module_preset=\u00bb3117bc07-6a8a-4679-b3bb-b6ed74b48a2f\u00bb custom_button=\u00bbon\u00bb button_text_size=\u00bb18px\u00bb button_text_color=\u00bb#202020&#8243; button_bg_color=\u00bbRGBA(255,255,255,0)\u00bb button_border_width=\u00bb1px\u00bb button_border_color=\u00bb#202020&#8243; button_border_radius=\u00bb50px\u00bb button_letter_spacing=\u00bb1px\u00bb button_font=\u00bbClarity City|600|||||||\u00bb custom_padding=\u00bb20px|40px|20px|40px|true|true\u00bb global_colors_info=\u00bb{}\u00bb][\/et_pb_button][\/et_pb_column][et_pb_column type=\u00bb1_2&#8243; _builder_version=\u00bb4.19.5&#8243; _module_preset=\u00bbdefault\u00bb global_colors_info=\u00bb{}\u00bb][et_pb_image src=\u00bbhttps:\/\/podologobenidorm.com\/wp-content\/uploads\/2024\/04\/Diseno-sin-titulo-64.jpg\u00bb title_text=\u00bbDise\u00f1o sin t\u00edtulo (64)\u00bb _builder_version=\u00bb4.21.0&#8243; _module_preset=\u00bbdefault\u00bb custom_margin=\u00bb|-15vw|0px||false|false\u00bb custom_margin_tablet=\u00bb||||false|false\u00bb custom_margin_last_edited=\u00bboff|tablet\u00bb border_radii=\u00bboff|||20px|100px\u00bb global_colors_info=\u00bb{}\u00bb][\/et_pb_image][\/et_pb_column][\/et_pb_row][\/et_pb_section][et_pb_section fb_built=\u00bb1&#8243; admin_label=\u00bbTestimonail\u00bb _builder_version=\u00bb4.21.0&#8243; _module_preset=\u00bbdefault\u00bb background_enable_color=\u00bboff\u00bb custom_margin=\u00bb0px|||||\u00bb custom_padding=\u00bb55px||55px||true|\u00bb da_disable_devices=\u00bboff|off|off\u00bb global_colors_info=\u00bb{}\u00bb da_is_popup=\u00bboff\u00bb da_exit_intent=\u00bboff\u00bb da_has_close=\u00bbon\u00bb da_alt_close=\u00bboff\u00bb da_dark_close=\u00bboff\u00bb da_not_modal=\u00bbon\u00bb da_is_singular=\u00bboff\u00bb da_with_loader=\u00bboff\u00bb da_has_shadow=\u00bbon\u00bb][et_pb_row column_structure=\u00bb1_2,1_2&#8243; _builder_version=\u00bb4.16&#8243; _module_preset=\u00bbdefault\u00bb global_colors_info=\u00bb{}\u00bb][et_pb_column type=\u00bb1_2&#8243; _builder_version=\u00bb4.16&#8243; _module_preset=\u00bbdefault\u00bb custom_padding=\u00bb70px||||false|false\u00bb custom_padding_tablet=\u00bb0px||||false|false\u00bb custom_padding_phone=\u00bb\u00bb custom_padding_last_edited=\u00bbon|phone\u00bb global_colors_info=\u00bb{}\u00bb][et_pb_text _builder_version=\u00bb4.21.0&#8243; _module_preset=\u00bb1da4c4f2-8e53-4788-a9f5-4d073216150a\u00bb header_2_font=\u00bbClarity City|700|||||||\u00bb header_2_text_color=\u00bb#202020&#8243; header_2_font_size=\u00bb50px\u00bb header_2_line_height=\u00bb1.1em\u00bb header_2_font_size_tablet=\u00bb34px\u00bb header_2_font_size_phone=\u00bb24px\u00bb header_2_font_size_last_edited=\u00bbon|phone\u00bb locked=\u00bboff\u00bb global_colors_info=\u00bb{}\u00bb]<\/p>\n<h2>La opini\u00f3n de nuestros pacientes<\/h2>\n<p>[\/et_pb_text][et_pb_divider color=\u00bb#959595&#8243; _builder_version=\u00bb4.16&#8243; _module_preset=\u00bbdefault\u00bb width=\u00bb60%\u00bb locked=\u00bboff\u00bb global_colors_info=\u00bb{}\u00bb][\/et_pb_divider][et_pb_text _builder_version=\u00bb4.21.0&#8243; _module_preset=\u00bbfb3d65bf-a8b3-4897-95f4-4b2325e4d896&#8243; text_line_height=\u00bb1.8em\u00bb link_text_color=\u00bb#003E51&#8243; text_font_size_tablet=\u00bb15px\u00bb text_font_size_phone=\u00bb14px\u00bb text_font_size_last_edited=\u00bbon|phone\u00bb locked=\u00bboff\u00bb global_colors_info=\u00bb{}\u00bb]<\/p>\n<p><span>En L\u00d3PEZ-BEL\u00cdO FOOT CENTER, nuestros pacientes son nuestra prioridad absoluta. Trabajamos incansablemente para garantizar su bienestar, comodidad y salud podol\u00f3gica. Su confianza en nosotros es nuestro motor para ofrecer la mejor atenci\u00f3n posible.<\/span><\/p>\n<p>[\/et_pb_text][\/et_pb_column][et_pb_column type=\u00bb1_2&#8243; _builder_version=\u00bb4.16&#8243; _module_preset=\u00bbdefault\u00bb global_colors_info=\u00bb{}\u00bb][et_pb_testimonial author=\u00bbNika Uhlig\u00bb quote_icon=\u00bboff\u00bb quote_icon_color=\u00bb#cfd1d3&#8243; quote_icon_background_color=\u00bb#ffffff\u00bb portrait_width=\u00bb40px\u00bb portrait_height=\u00bb40px\u00bb _builder_version=\u00bb4.21.0&#8243; _module_preset=\u00bbdefault\u00bb body_line_height=\u00bb1.6em\u00bb author_font=\u00bbGill Sans|700|||||||\u00bb author_text_color=\u00bb#202020&#8243; background_color=\u00bb#fcf9f9&#8243; border_radii=\u00bboff|||100px|\u00bb border_radii_tablet=\u00bboff|||120px|\u00bb border_radii_phone=\u00bbon|10px|10px|10px|10px\u00bb border_radii_last_edited=\u00bbon|phone\u00bb global_colors_info=\u00bb{}\u00bb]<\/p>\n<p><span>\u00abRealic\u00e9 una extracci\u00f3n de un papiloma en el pie. Con Cristina la operaci\u00f3n fue todo un \u00e9xito. El equipo es totalmente profesional, 100% recomendable.\u00bb<\/span><\/p>\n<p>[\/et_pb_testimonial][et_pb_testimonial author=\u00bbAli Martin\u00bb quote_icon=\u00bboff\u00bb quote_icon_color=\u00bb#cfd1d3&#8243; quote_icon_background_color=\u00bb#ffffff\u00bb portrait_width=\u00bb40px\u00bb portrait_height=\u00bb40px\u00bb _builder_version=\u00bb4.21.0&#8243; _module_preset=\u00bbdefault\u00bb body_line_height=\u00bb1.6em\u00bb author_font=\u00bbGill Sans|700|||||||\u00bb author_text_color=\u00bb#202020&#8243; background_color=\u00bb#fcf9f9&#8243; border_radii=\u00bboff|||100px|\u00bb border_radii_tablet=\u00bboff|||120px|\u00bb border_radii_phone=\u00bbon|10px|10px|10px|10px\u00bb border_radii_last_edited=\u00bbon|phone\u00bb global_colors_info=\u00bb{}\u00bb]<\/p>\n<p><span>\u00abMuy buena experiencia. Fui por un problema de hongos en una u\u00f1a del pie, que llevaba tiempo sin dar con el tratamiento adecuado y la pod\u00f3loga muy amable, me resolvi\u00f3 el problema con profesionalidad y buenos cuidados.\u00bb<\/span><\/p>\n<p>[\/et_pb_testimonial][\/et_pb_column][\/et_pb_row][\/et_pb_section][et_pb_section fb_built=\u00bb1&#8243; disabled_on=\u00bbon|on|on\u00bb admin_label=\u00bbFAQ\u00bb _builder_version=\u00bb4.21.0&#8243; _module_preset=\u00bbdefault\u00bb background_color=\u00bb#fcf9f9&#8243; background_image=\u00bbhttps:\/\/podologobenidorm.com\/wp-content\/uploads\/2023\/03\/fondos6-1.png\u00bb parallax=\u00bbon\u00bb custom_margin=\u00bb51px|||||\u00bb custom_padding=\u00bb||230px|||\u00bb da_disable_devices=\u00bboff|off|off\u00bb disabled=\u00bbon\u00bb saved_tabs=\u00bball\u00bb collapsed=\u00bbon\u00bb global_colors_info=\u00bb{}\u00bb da_is_popup=\u00bboff\u00bb da_exit_intent=\u00bboff\u00bb da_has_close=\u00bbon\u00bb da_alt_close=\u00bboff\u00bb da_dark_close=\u00bboff\u00bb da_not_modal=\u00bbon\u00bb da_is_singular=\u00bboff\u00bb da_with_loader=\u00bboff\u00bb da_has_shadow=\u00bbon\u00bb][et_pb_row _builder_version=\u00bb4.19.5&#8243; _module_preset=\u00bbdefault\u00bb max_width=\u00bb750px\u00bb locked=\u00bboff\u00bb global_colors_info=\u00bb{}\u00bb][et_pb_column type=\u00bb4_4&#8243; _builder_version=\u00bb4.19.5&#8243; _module_preset=\u00bbdefault\u00bb global_colors_info=\u00bb{}\u00bb][et_pb_text _builder_version=\u00bb4.21.0&#8243; _module_preset=\u00bb1da4c4f2-8e53-4788-a9f5-4d073216150a\u00bb header_2_font=\u00bbClarity City|700|||||||\u00bb header_2_text_color=\u00bb#202020&#8243; header_2_font_size=\u00bb50px\u00bb header_2_line_height=\u00bb1.1em\u00bb header_2_font_size_tablet=\u00bb34px\u00bb header_2_font_size_phone=\u00bb24px\u00bb header_2_font_size_last_edited=\u00bbon|phone\u00bb locked=\u00bboff\u00bb global_colors_info=\u00bb{}\u00bb]<\/p>\n<h2 style=\"text-align: center;\">Preguntas frecuentes<\/h2>\n<p>[\/et_pb_text][et_pb_accordion toggle_icon=\u00bb&#x50;||divi||400&#8243; _builder_version=\u00bb4.21.0&#8243; _module_preset=\u00bb0e892d18-16c5-4750-b497-d5c5f50187a2&#8243; border_color_bottom=\u00bb#EA6B07&#8243; locked=\u00bboff\u00bb global_colors_info=\u00bb{}\u00bb][et_pb_accordion_item title=\u00bbLorem ipsum dolor sit amet?\u00bb open=\u00bbon\u00bb open_toggle_text_color=\u00bb#202020&#8243; icon_color=\u00bb#202020&#8243; toggle_icon=\u00bb&#x50;||divi||400&#8243; _builder_version=\u00bb4.21.0&#8243; _module_preset=\u00bb3a45018a-465d-4716-9023-022c0638f821&#8243; global_colors_info=\u00bb{}\u00bb toggle_text_color=\u00bb#202020&#8243; toggle_font=\u00bbGill Sans||||||||\u00bb toggle_font_size=\u00bb20px\u00bb]<\/p>\n<p>Lorem ipsum dolor sit amet, consectetur adipiscing elit. Donec sed finibus nisi, sed dictum eros. Quisque aliquet velit sit amet sem interdum faucibus. In feugiat aliquet mollis. Etiam tincidunt ligula ut hendrerit semper. Quisque luctus lectus non turpis bibendum posuere. Morbi tortor nibh, fringilla sed pretium sit amet, pharetra non ex. Fusce vel egestas nisl.<\/p>\n<p>[\/et_pb_accordion_item][et_pb_accordion_item title=\u00bbLorem ipsum dolor sit amet?\u00bb open_toggle_text_color=\u00bb#202020&#8243; icon_color=\u00bb#202020&#8243; toggle_icon=\u00bb&#x50;||divi||400&#8243; _builder_version=\u00bb4.21.0&#8243; _module_preset=\u00bb3a45018a-465d-4716-9023-022c0638f821&#8243; global_colors_info=\u00bb{}\u00bb toggle_text_color=\u00bb#202020&#8243; toggle_font=\u00bbGill Sans||||||||\u00bb toggle_font_size=\u00bb20px\u00bb open=\u00bboff\u00bb]<\/p>\n<p>Lorem ipsum dolor sit amet, consectetur adipiscing elit. Donec sed finibus nisi, sed dictum eros. Quisque aliquet velit sit amet sem interdum faucibus. In feugiat aliquet mollis. Etiam tincidunt ligula ut hendrerit semper. Quisque luctus lectus non turpis bibendum posuere. Morbi tortor nibh, fringilla sed pretium sit amet, pharetra non ex. Fusce vel egestas nisl.<\/p>\n<p>[\/et_pb_accordion_item][et_pb_accordion_item title=\u00bbLorem ipsum dolor sit amet?\u00bb open_toggle_text_color=\u00bb#202020&#8243; icon_color=\u00bb#202020&#8243; toggle_icon=\u00bb&#x50;||divi||400&#8243; _builder_version=\u00bb4.21.0&#8243; _module_preset=\u00bb3a45018a-465d-4716-9023-022c0638f821&#8243; global_colors_info=\u00bb{}\u00bb toggle_text_color=\u00bb#202020&#8243; toggle_font=\u00bbGill Sans||||||||\u00bb toggle_font_size=\u00bb20px\u00bb open=\u00bboff\u00bb]<\/p>\n<p>Lorem ipsum dolor sit amet, consectetur adipiscing elit. Donec sed finibus nisi, sed dictum eros. Quisque aliquet velit sit amet sem interdum faucibus. In feugiat aliquet mollis. Etiam tincidunt ligula ut hendrerit semper. Quisque luctus lectus non turpis bibendum posuere. Morbi tortor nibh, fringilla sed pretium sit amet, pharetra non ex. Fusce vel egestas nisl.<\/p>\n<p>[\/et_pb_accordion_item][\/et_pb_accordion][\/et_pb_column][\/et_pb_row][\/et_pb_section]<\/p>\n","protected":false},"excerpt":{"rendered":"<p>Quiropodolog\u00edaLa piel es el \u00f3rgano de mayor superficie cuya principal funci\u00f3n es la protecci\u00f3n. Tambi\u00e9n presenta funci\u00f3n t\u00e9rmica, evita la p\u00e9rdida de agua, nos protege frente a radiaciones, infecciones, etc\u00e9tera. Adem\u00e1s, la piel determina la estructura de los anejos cut\u00e1neos como el pelo, las u\u00f1as y las gl\u00e1ndulas sudor\u00edparas y seb\u00e1ceas. En el pie son [&hellip;]<\/p>\n","protected":false},"author":1,"featured_media":0,"parent":0,"menu_order":0,"comment_status":"closed","ping_status":"closed","template":"","meta":{"_et_pb_use_builder":"on","_et_pb_old_content":"","_et_gb_content_width":"","footnotes":""},"class_list":["post-451","page","type-page","status-publish","hentry"],"_links":{"self":[{"href":"https:\/\/podologobenidorm.com\/index.php\/wp-json\/wp\/v2\/pages\/451","targetHints":{"allow":["GET"]}}],"collection":[{"href":"https:\/\/podologobenidorm.com\/index.php\/wp-json\/wp\/v2\/pages"}],"about":[{"href":"https:\/\/podologobenidorm.com\/index.php\/wp-json\/wp\/v2\/types\/page"}],"author":[{"embeddable":true,"href":"https:\/\/podologobenidorm.com\/index.php\/wp-json\/wp\/v2\/users\/1"}],"replies":[{"embeddable":true,"href":"https:\/\/podologobenidorm.com\/index.php\/wp-json\/wp\/v2\/comments?post=451"}],"version-history":[{"count":17,"href":"https:\/\/podologobenidorm.com\/index.php\/wp-json\/wp\/v2\/pages\/451\/revisions"}],"predecessor-version":[{"id":1493,"href":"https:\/\/podologobenidorm.com\/index.php\/wp-json\/wp\/v2\/pages\/451\/revisions\/1493"}],"wp:attachment":[{"href":"https:\/\/podologobenidorm.com\/index.php\/wp-json\/wp\/v2\/media?parent=451"}],"curies":[{"name":"wp","href":"https:\/\/api.w.org\/{rel}","templated":true}]}}