{"id":466,"date":"2023-11-14T06:50:15","date_gmt":"2023-11-14T06:50:15","guid":{"rendered":"https:\/\/podologobenidorm.com\/?page_id=466"},"modified":"2024-09-17T16:56:46","modified_gmt":"2024-09-17T16:56:46","slug":"ultrasonidos","status":"publish","type":"page","link":"https:\/\/podologobenidorm.com\/index.php\/rehabilitacion-del-pie\/ultrasonidos\/","title":{"rendered":"Ultrasonidos"},"content":{"rendered":"<p>[et_pb_section fb_built=\u00bb1&#8243; admin_label=\u00bbHeader\u00bb _builder_version=\u00bb4.21.0&#8243; _module_preset=\u00bbdefault\u00bb background_color=\u00bb#dbdbdb\u00bb background_image=\u00bbhttps:\/\/podologobenidorm.com\/wp-content\/uploads\/2023\/03\/fondos6-1.png\u00bb parallax=\u00bbon\u00bb custom_padding=\u00bb110px||110px||true|false\u00bb global_colors_info=\u00bb{}\u00bb da_is_popup=\u00bboff\u00bb da_exit_intent=\u00bboff\u00bb da_has_close=\u00bbon\u00bb da_alt_close=\u00bboff\u00bb da_dark_close=\u00bboff\u00bb da_not_modal=\u00bbon\u00bb da_is_singular=\u00bboff\u00bb da_with_loader=\u00bboff\u00bb da_has_shadow=\u00bbon\u00bb da_disable_devices=\u00bboff|off|off\u00bb][et_pb_row column_structure=\u00bb1_2,1_2&#8243; _builder_version=\u00bb4.21.0&#8243; _module_preset=\u00bbdefault\u00bb global_colors_info=\u00bb{}\u00bb][et_pb_column type=\u00bb1_2&#8243; _builder_version=\u00bb4.21.0&#8243; _module_preset=\u00bbdefault\u00bb global_colors_info=\u00bb{}\u00bb][et_pb_text _builder_version=\u00bb4.21.0&#8243; _module_preset=\u00bbc16985e1-e0d6-4022-964d-e2bfc04fa633&#8243; text_text_color=\u00bb#ffffff\u00bb header_font=\u00bbClarity City|700|||||||\u00bb header_text_align=\u00bbleft\u00bb header_text_color=\u00bb#202020&#8243; header_font_size=\u00bb50px\u00bb header_line_height=\u00bb1.1em\u00bb header_2_font=\u00bbClarity City|600|||||||\u00bb header_2_font_size=\u00bb40px\u00bb custom_margin=\u00bb||30px||false|false\u00bb hover_enabled=\u00bb0&#8243; header_font_size_tablet=\u00bb40px\u00bb header_font_size_phone=\u00bb24px\u00bb header_font_size_last_edited=\u00bbon|desktop\u00bb global_colors_info=\u00bb{}\u00bb link_option_url=\u00bbhttps:\/\/podologobenidorm.com\/index.php\/rehabilitacion-del-pie\/\u00bb sticky_enabled=\u00bb0&#8243;]<\/p>\n<h2>&lt; Rehabilitaci\u00f3n del pie<\/h2>\n<p>[\/et_pb_text][et_pb_text _builder_version=\u00bb4.21.0&#8243; _module_preset=\u00bbc16985e1-e0d6-4022-964d-e2bfc04fa633&#8243; text_text_color=\u00bb#ffffff\u00bb header_font=\u00bbClarity City|700|||||||\u00bb header_text_color=\u00bb#202020&#8243; header_font_size=\u00bb50px\u00bb header_line_height=\u00bb1.1em\u00bb custom_margin=\u00bb||30px||false|false\u00bb header_font_size_tablet=\u00bb40px\u00bb header_font_size_phone=\u00bb24px\u00bb header_font_size_last_edited=\u00bbon|desktop\u00bb global_colors_info=\u00bb{}\u00bb]<\/p>\n<h1>Ultrasonidos<\/h1>\n<p>[\/et_pb_text][et_pb_text _builder_version=\u00bb4.21.0&#8243; _module_preset=\u00bb1f09816e-184e-4ce5-a4cf-b39c52c423ca\u00bb text_font=\u00bbGill Sans||||||||\u00bb text_text_color=\u00bb#202020&#8243; text_font_size=\u00bb20px\u00bb text_line_height=\u00bb1.8em\u00bb custom_margin=\u00bb||30px||false|false\u00bb text_font_size_tablet=\u00bb15px\u00bb text_font_size_phone=\u00bb14px\u00bb text_font_size_last_edited=\u00bbon|phone\u00bb header_font_size_tablet=\u00bb55px\u00bb header_font_size_last_edited=\u00bboff|desktop\u00bb global_colors_info=\u00bb{}\u00bb]<\/p>\n<p><span>Los ultrasonidos son vibraciones ac\u00fasticas con una frecuencia superior a 16.000 Hz (ciclos por segundo), que no son perceptibles al o\u00eddo humano. Se propagan en forma de ondas de compresi\u00f3n y descompresi\u00f3n, con fricci\u00f3n de las part\u00edculas del medio de transmisi\u00f3n, en paralelo a la direcci\u00f3n de propagaci\u00f3n de las ondas.<\/span><\/p>\n<p>[\/et_pb_text][et_pb_button button_url=\u00bbhttps:\/\/podologobenidorm.com\/index.php\/rehabilitacion-del-pie\/ultrasonidos\/#sabermas\u00bb button_text=\u00bbsaber m\u00e1s\u00bb _builder_version=\u00bb4.21.0&#8243; _module_preset=\u00bb58cc584f-ce38-4d86-b1b9-d4257270a502&#8243; button_text_size=\u00bb18px\u00bb button_text_color=\u00bb#ffffff\u00bb button_bg_color=\u00bb#008E79&#8243; button_letter_spacing=\u00bb2px\u00bb button_font=\u00bbClarity City|700||on|||||\u00bb global_colors_info=\u00bb{}\u00bb][\/et_pb_button][\/et_pb_column][et_pb_column type=\u00bb1_2&#8243; _builder_version=\u00bb4.21.0&#8243; _module_preset=\u00bbdefault\u00bb global_colors_info=\u00bb{}\u00bb][et_pb_image src=\u00bbhttps:\/\/podologobenidorm.com\/wp-content\/uploads\/2024\/04\/Diseno-sin-titulo-73.jpg\u00bb title_text=\u00bbDise\u00f1o sin t\u00edtulo (73)\u00bb _builder_version=\u00bb4.21.0&#8243; _module_preset=\u00bbdefault\u00bb custom_margin=\u00bb0px|-16vw||0px|false|false\u00bb custom_margin_tablet=\u00bb|||0vw|false|false\u00bb custom_margin_phone=\u00bb|||0vw|false|false\u00bb custom_margin_last_edited=\u00bbon|tablet\u00bb border_radii=\u00bbon|20px|20px|20px|20px\u00bb global_colors_info=\u00bb{}\u00bb][\/et_pb_image][\/et_pb_column][\/et_pb_row][\/et_pb_section][et_pb_section fb_built=\u00bb1&#8243; specialty=\u00bbon\u00bb module_id=\u00bbsabermas\u00bb _builder_version=\u00bb4.21.0&#8243; _module_preset=\u00bbdefault\u00bb background_enable_color=\u00bboff\u00bb background_enable_image=\u00bboff\u00bb parallax=\u00bbon\u00bb width=\u00bb100%\u00bb max_width=\u00bb100%\u00bb custom_margin=\u00bb-2px|||||\u00bb custom_padding=\u00bb93px||116px|||\u00bb global_colors_info=\u00bb{}\u00bb da_is_popup=\u00bboff\u00bb da_exit_intent=\u00bboff\u00bb da_has_close=\u00bbon\u00bb da_alt_close=\u00bboff\u00bb da_dark_close=\u00bboff\u00bb da_not_modal=\u00bbon\u00bb da_is_singular=\u00bboff\u00bb da_with_loader=\u00bboff\u00bb da_has_shadow=\u00bbon\u00bb da_disable_devices=\u00bboff|off|off\u00bb][et_pb_column type=\u00bb1_2&#8243; specialty_columns=\u00bb2&#8243; _builder_version=\u00bb4.16&#8243; custom_padding=\u00bb|||\u00bb global_colors_info=\u00bb{}\u00bb custom_padding__hover=\u00bb|||\u00bb][et_pb_row_inner _builder_version=\u00bb4.20.0&#8243; _module_preset=\u00bbdefault\u00bb custom_padding=\u00bb||32px|||\u00bb global_colors_info=\u00bb{}\u00bb][et_pb_column_inner saved_specialty_column_type=\u00bb1_2&#8243; _builder_version=\u00bb4.20.0&#8243; _module_preset=\u00bbdefault\u00bb global_colors_info=\u00bb{}\u00bb][et_pb_image src=\u00bbhttps:\/\/podologobenidorm.com\/wp-content\/uploads\/2024\/04\/Diseno-sin-titulo-74.jpg\u00bb title_text=\u00bbDise\u00f1o sin t\u00edtulo (74)\u00bb _builder_version=\u00bb4.21.0&#8243; _module_preset=\u00bbdefault\u00bb custom_margin=\u00bb0px|||-16vw|false|false\u00bb custom_margin_tablet=\u00bb|||0vw|false|false\u00bb custom_margin_phone=\u00bb|||0vw|false|false\u00bb custom_margin_last_edited=\u00bbon|tablet\u00bb border_radii=\u00bbon|20px|20px|20px|20px\u00bb global_colors_info=\u00bb{}\u00bb][\/et_pb_image][\/et_pb_column_inner][\/et_pb_row_inner][\/et_pb_column][et_pb_column type=\u00bb1_2&#8243; _builder_version=\u00bb4.16&#8243; custom_padding=\u00bb|||\u00bb global_colors_info=\u00bb{}\u00bb custom_padding__hover=\u00bb|||\u00bb][et_pb_text _builder_version=\u00bb4.21.0&#8243; _module_preset=\u00bb1da4c4f2-8e53-4788-a9f5-4d073216150a\u00bb header_2_font=\u00bbClarity City|700|||||||\u00bb header_2_text_color=\u00bb#202020&#8243; header_2_font_size=\u00bb45px\u00bb header_2_line_height=\u00bb1.1em\u00bb header_2_font_size_tablet=\u00bb34px\u00bb header_2_font_size_phone=\u00bb24px\u00bb header_2_font_size_last_edited=\u00bbon|phone\u00bb locked=\u00bboff\u00bb global_colors_info=\u00bb{}\u00bb]<\/p>\n<h2>Tratamiento<\/h2>\n<p>[\/et_pb_text][et_pb_text _builder_version=\u00bb4.21.0&#8243; _module_preset=\u00bb1f09816e-184e-4ce5-a4cf-b39c52c423ca\u00bb text_font=\u00bbGill Sans||||||||\u00bb text_text_color=\u00bb#202020&#8243; text_font_size=\u00bb20px\u00bb text_line_height=\u00bb1.8em\u00bb custom_margin=\u00bb8px||30px||false|false\u00bb text_font_size_tablet=\u00bb16px\u00bb text_font_size_phone=\u00bb14px\u00bb text_font_size_last_edited=\u00bbon|tablet\u00bb header_font_size_tablet=\u00bb55px\u00bb header_font_size_last_edited=\u00bboff|desktop\u00bb global_colors_info=\u00bb{}\u00bb]<\/p>\n<p><span style=\"font-weight: 400;\"><span style=\"color: #ff0000;\"><span style=\"color: #202020;\">Las ondas de ultrasonido se producen artificialmente por el efecto piezoel\u00e9ctrico del cuarzo contenido en el aplicador. Al aplicar cargas el\u00e9ctricas sobre las caras de una placa de cuarzo se consigue la compresi\u00f3n del cristal e invirtiendo el sentido se obtiene la expansi\u00f3n. Al someter un cristal a un campo el\u00e9ctrico alterno se obtiene una sucesi\u00f3n de compresiones y expansiones del cristal, con la producci\u00f3n de una serie de vibraciones que son utilizadas en la terapia.<\/span><\/span><\/span><\/p>\n<p><span style=\"font-weight: 400;\"><span style=\"color: #ff0000;\"><span style=\"color: #202020;\">Multisonyc representa la \u00faltima generaci\u00f3n de dispositivos m\u00e9dicos CE 0476 para la terapia por ultrasonido. Est\u00e1 programado para administrar los principales protocolos de terapia f\u00edsica para el tratamiento de patolog\u00edas del aparato \u00f3seo, los m\u00fasculos y los tendones, a trav\u00e9s de la modulaci\u00f3n terap\u00e9utica a 1 MHz.<\/span><\/span><\/span><\/p>\n<p>[\/et_pb_text][et_pb_button button_url=\u00bbhttps:\/\/api.whatsapp.com\/send?phone=34695840559&#038;text=%C2%A1Hola!%20Me%20gustar%C3%ADa%20solicitar%20una%20cita\u00bb button_text=\u00bbPIDE CITA\u00bb _builder_version=\u00bb4.21.0&#8243; _module_preset=\u00bb3117bc07-6a8a-4679-b3bb-b6ed74b48a2f\u00bb custom_button=\u00bbon\u00bb button_text_size=\u00bb18px\u00bb button_text_color=\u00bb#202020&#8243; button_bg_color=\u00bbRGBA(255,255,255,0)\u00bb button_border_width=\u00bb1px\u00bb button_border_color=\u00bb#202020&#8243; button_border_radius=\u00bb50px\u00bb button_letter_spacing=\u00bb1px\u00bb button_font=\u00bbClarity City|600|||||||\u00bb custom_padding=\u00bb20px|40px|20px|40px|true|true\u00bb global_colors_info=\u00bb{}\u00bb][\/et_pb_button][\/et_pb_column][\/et_pb_section][et_pb_section fb_built=\u00bb1&#8243; admin_label=\u00bbAbout\u00bb _builder_version=\u00bb4.21.0&#8243; _module_preset=\u00bbdefault\u00bb background_color=\u00bbgcid-9464c34f-f9ff-43eb-9668-c958662e33fc\u00bb custom_padding=\u00bb90px||90px||true|\u00bb locked=\u00bboff\u00bb collapsed=\u00bbon\u00bb global_colors_info=\u00bb{%22gcid-9464c34f-f9ff-43eb-9668-c958662e33fc%22:%91%22background_color%22%93}\u00bb da_is_popup=\u00bboff\u00bb da_exit_intent=\u00bboff\u00bb da_has_close=\u00bbon\u00bb da_alt_close=\u00bboff\u00bb da_dark_close=\u00bboff\u00bb da_not_modal=\u00bbon\u00bb da_is_singular=\u00bboff\u00bb da_with_loader=\u00bboff\u00bb da_has_shadow=\u00bbon\u00bb da_disable_devices=\u00bboff|off|off\u00bb][et_pb_row column_structure=\u00bb1_2,1_2&#8243; make_equal=\u00bbon\u00bb _builder_version=\u00bb4.19.5&#8243; _module_preset=\u00bbdefault\u00bb global_colors_info=\u00bb{}\u00bb][et_pb_column type=\u00bb1_2&#8243; _builder_version=\u00bb4.19.5&#8243; _module_preset=\u00bbdefault\u00bb global_colors_info=\u00bb{}\u00bb][et_pb_image src=\u00bbhttps:\/\/podologobenidorm.com\/wp-content\/uploads\/2023\/09\/Sin-titulo-2.png\u00bb title_text=\u00bbSin ti\u0301tulo-2&#8243; admin_label=\u00bbImage\u00bb _builder_version=\u00bb4.21.0&#8243; _module_preset=\u00bbdefault\u00bb positioning=\u00bbabsolute\u00bb position_origin_a=\u00bbbottom_left\u00bb vertical_offset=\u00bb-36%\u00bb horizontal_offset=\u00bb-8%\u00bb z_index=\u00bb67&#8243; width=\u00bb30%\u00bb scroll_vertical_motion_enable=\u00bbon\u00bb scroll_vertical_motion=\u00bb0|50|50|100|1|0|-1&#8243; locked=\u00bboff\u00bb global_colors_info=\u00bb{}\u00bb][\/et_pb_image][et_pb_image src=\u00bbhttps:\/\/podologobenidorm.com\/wp-content\/uploads\/2024\/02\/SesionCristinapodologaNuevoBrandingReducidasWeb-130923-75.jpg\u00bb title_text=\u00bbSesio\u0301nCristinapodo\u0301logaNuevoBrandingReducidasWeb-130923-75&#8243; _builder_version=\u00bb4.21.0&#8243; _module_preset=\u00bbdefault\u00bb custom_margin=\u00bb25px|||||\u00bb border_radii=\u00bbon|10px|10px|10px|10px\u00bb global_colors_info=\u00bb{}\u00bb][\/et_pb_image][\/et_pb_column][et_pb_column type=\u00bb1_2&#8243; _builder_version=\u00bb4.19.5&#8243; _module_preset=\u00bbdefault\u00bb global_colors_info=\u00bb{}\u00bb][et_pb_text _builder_version=\u00bb4.21.0&#8243; _module_preset=\u00bb65fc000e-ed31-4582-90bd-088cdd701f0d\u00bb text_font_size=\u00bb18px\u00bb locked=\u00bboff\u00bb global_colors_info=\u00bb{}\u00bb]<\/p>\n<p><span>Patolog\u00edas a tratar:<\/span><\/p>\n<ul>\n<li><span> <\/span><span>Artritis<\/span><\/li>\n<li><span> <\/span><span>Artrosis<\/span><\/li>\n<li><span> <\/span><span>Atrofia Sudeck<\/span><\/li>\n<li><span> <\/span><span>Bursitis<\/span><\/li>\n<li><span> <\/span><span>Callo \u00f3seo<\/span><\/li>\n<li><span> <\/span><span>Contracturas<\/span><\/li>\n<li><span> <\/span><span>Dolor agudo<\/span><\/li>\n<li><span> <\/span><span>Dolor cr\u00f3nico<\/span><\/li>\n<li><span> <\/span><span>Eczema<\/span><\/li>\n<li><span> <\/span><span>Fascitis plantar<\/span><\/li>\n<li><span> <\/span><span>Mialgia<\/span><\/li>\n<li><span> <\/span><span>Metatarsalgia<\/span><\/li>\n<li><span> <\/span><span>Neuralgia<\/span><\/li>\n<li><span> <\/span><span>Talalgia<\/span><\/li>\n<li><span> <\/span><span>Neuritis<\/span><\/li>\n<li><span> <\/span><span>Tendinitis<\/span><\/li>\n<\/ul>\n<p>[\/et_pb_text][et_pb_button button_url=\u00bbhttps:\/\/api.whatsapp.com\/send?phone=34695840559&#038;text=%C2%A1Hola!%20Me%20gustar%C3%ADa%20solicitar%20una%20cita\u00bb button_text=\u00bbPIDE CITA\u00bb _builder_version=\u00bb4.21.0&#8243; _module_preset=\u00bb3117bc07-6a8a-4679-b3bb-b6ed74b48a2f\u00bb custom_button=\u00bbon\u00bb button_text_size=\u00bb18px\u00bb button_text_color=\u00bb#202020&#8243; button_bg_color=\u00bbRGBA(255,255,255,0)\u00bb button_border_width=\u00bb1px\u00bb button_border_color=\u00bb#202020&#8243; button_border_radius=\u00bb50px\u00bb button_letter_spacing=\u00bb1px\u00bb button_font=\u00bbClarity City|600|||||||\u00bb custom_padding=\u00bb20px|40px|20px|40px|true|true\u00bb global_colors_info=\u00bb{}\u00bb][\/et_pb_button][\/et_pb_column][\/et_pb_row][\/et_pb_section][et_pb_section fb_built=\u00bb1&#8243; _builder_version=\u00bb4.21.0&#8243; _module_preset=\u00bbdefault\u00bb background_enable_color=\u00bboff\u00bb custom_padding=\u00bb20px||20px||false|false\u00bb global_colors_info=\u00bb{}\u00bb da_is_popup=\u00bboff\u00bb da_exit_intent=\u00bboff\u00bb da_has_close=\u00bbon\u00bb da_alt_close=\u00bboff\u00bb da_dark_close=\u00bboff\u00bb da_not_modal=\u00bbon\u00bb da_is_singular=\u00bboff\u00bb da_with_loader=\u00bboff\u00bb da_has_shadow=\u00bbon\u00bb da_disable_devices=\u00bboff|off|off\u00bb][et_pb_row _builder_version=\u00bb4.21.0&#8243; _module_preset=\u00bbdefault\u00bb custom_margin=\u00bb40px|auto|-26px|auto||\u00bb custom_padding=\u00bb||15px|||\u00bb global_colors_info=\u00bb{}\u00bb][et_pb_column type=\u00bb4_4&#8243; _builder_version=\u00bb4.21.0&#8243; _module_preset=\u00bbdefault\u00bb global_colors_info=\u00bb{}\u00bb][et_pb_text _builder_version=\u00bb4.21.0&#8243; _module_preset=\u00bb1da4c4f2-8e53-4788-a9f5-4d073216150a\u00bb header_2_font=\u00bbClarity City|700|||||||\u00bb header_2_text_align=\u00bbcenter\u00bb header_2_text_color=\u00bb#202020&#8243; header_2_font_size=\u00bb45px\u00bb header_2_line_height=\u00bb1.1em\u00bb header_2_font_size_tablet=\u00bb34px\u00bb header_2_font_size_phone=\u00bb24px\u00bb header_2_font_size_last_edited=\u00bbon|phone\u00bb locked=\u00bboff\u00bb global_colors_info=\u00bb{}\u00bb]<\/p>\n<h2>Caso cl\u00ednico<\/h2>\n<p>[\/et_pb_text][\/et_pb_column][\/et_pb_row][et_pb_row column_structure=\u00bb1_3,1_3,1_3&#8243; _builder_version=\u00bb4.21.0&#8243; _module_preset=\u00bbdefault\u00bb background_enable_image=\u00bboff\u00bb width=\u00bb100%\u00bb max_width=\u00bb2560px\u00bb custom_padding=\u00bb60px||40px|||\u00bb global_colors_info=\u00bb{}\u00bb][et_pb_column type=\u00bb1_3&#8243; _builder_version=\u00bb4.21.0&#8243; _module_preset=\u00bbdefault\u00bb global_colors_info=\u00bb{}\u00bb][\/et_pb_column][et_pb_column type=\u00bb1_3&#8243; _builder_version=\u00bb4.21.0&#8243; _module_preset=\u00bbdefault\u00bb global_colors_info=\u00bb{}\u00bb][et_pb_video src=\u00bbhttps:\/\/podologobenidorm.com\/wp-content\/uploads\/2024\/08\/Ultrasonidos.mp4&#8243; _builder_version=\u00bb4.21.0&#8243; _module_preset=\u00bbdefault\u00bb global_colors_info=\u00bb{}\u00bb][\/et_pb_video][\/et_pb_column][et_pb_column type=\u00bb1_3&#8243; _builder_version=\u00bb4.21.0&#8243; _module_preset=\u00bbdefault\u00bb global_colors_info=\u00bb{}\u00bb][\/et_pb_column][\/et_pb_row][\/et_pb_section]<\/p>\n","protected":false},"excerpt":{"rendered":"<p>&lt; Rehabilitaci\u00f3n del pieUltrasonidosLos ultrasonidos son vibraciones ac\u00fasticas con una frecuencia superior a 16.000 Hz (ciclos por segundo), que no son perceptibles al o\u00eddo humano. Se propagan en forma de ondas de compresi\u00f3n y descompresi\u00f3n, con fricci\u00f3n de las part\u00edculas del medio de transmisi\u00f3n, en paralelo a la direcci\u00f3n de propagaci\u00f3n de las ondas.TratamientoLas ondas [&hellip;]<\/p>\n","protected":false},"author":1,"featured_media":0,"parent":463,"menu_order":0,"comment_status":"closed","ping_status":"closed","template":"","meta":{"_et_pb_use_builder":"on","_et_pb_old_content":"","_et_gb_content_width":"","footnotes":""},"class_list":["post-466","page","type-page","status-publish","hentry"],"_links":{"self":[{"href":"https:\/\/podologobenidorm.com\/index.php\/wp-json\/wp\/v2\/pages\/466","targetHints":{"allow":["GET"]}}],"collection":[{"href":"https:\/\/podologobenidorm.com\/index.php\/wp-json\/wp\/v2\/pages"}],"about":[{"href":"https:\/\/podologobenidorm.com\/index.php\/wp-json\/wp\/v2\/types\/page"}],"author":[{"embeddable":true,"href":"https:\/\/podologobenidorm.com\/index.php\/wp-json\/wp\/v2\/users\/1"}],"replies":[{"embeddable":true,"href":"https:\/\/podologobenidorm.com\/index.php\/wp-json\/wp\/v2\/comments?post=466"}],"version-history":[{"count":13,"href":"https:\/\/podologobenidorm.com\/index.php\/wp-json\/wp\/v2\/pages\/466\/revisions"}],"predecessor-version":[{"id":1518,"href":"https:\/\/podologobenidorm.com\/index.php\/wp-json\/wp\/v2\/pages\/466\/revisions\/1518"}],"up":[{"embeddable":true,"href":"https:\/\/podologobenidorm.com\/index.php\/wp-json\/wp\/v2\/pages\/463"}],"wp:attachment":[{"href":"https:\/\/podologobenidorm.com\/index.php\/wp-json\/wp\/v2\/media?parent=466"}],"curies":[{"name":"wp","href":"https:\/\/api.w.org\/{rel}","templated":true}]}}