{"id":482,"date":"2023-11-14T06:54:44","date_gmt":"2023-11-14T06:54:44","guid":{"rendered":"https:\/\/podologobenidorm.com\/?page_id=482"},"modified":"2024-09-17T17:13:25","modified_gmt":"2024-09-17T17:13:25","slug":"laboratorio","status":"publish","type":"page","link":"https:\/\/podologobenidorm.com\/index.php\/laboratorio\/","title":{"rendered":"Laboratorio"},"content":{"rendered":"<p>[et_pb_section fb_built=\u00bb1&#8243; admin_label=\u00bbHeader\u00bb _builder_version=\u00bb4.21.0&#8243; _module_preset=\u00bbdefault\u00bb background_color=\u00bb#B7DBD0&#8243; background_image=\u00bbhttps:\/\/podologobenidorm.com\/wp-content\/uploads\/2023\/03\/fondos6-1.png\u00bb parallax=\u00bbon\u00bb custom_padding=\u00bb110px||110px||true|false\u00bb da_disable_devices=\u00bboff|off|off\u00bb global_colors_info=\u00bb{}\u00bb da_is_popup=\u00bboff\u00bb da_exit_intent=\u00bboff\u00bb da_has_close=\u00bbon\u00bb da_alt_close=\u00bboff\u00bb da_dark_close=\u00bboff\u00bb da_not_modal=\u00bbon\u00bb da_is_singular=\u00bboff\u00bb da_with_loader=\u00bboff\u00bb da_has_shadow=\u00bbon\u00bb][et_pb_row column_structure=\u00bb1_2,1_2&#8243; _builder_version=\u00bb4.21.0&#8243; _module_preset=\u00bbdefault\u00bb global_colors_info=\u00bb{}\u00bb][et_pb_column type=\u00bb1_2&#8243; _builder_version=\u00bb4.21.0&#8243; _module_preset=\u00bbdefault\u00bb global_colors_info=\u00bb{}\u00bb][et_pb_image src=\u00bbhttps:\/\/podologobenidorm.com\/wp-content\/uploads\/2024\/04\/laboratorio.jpg\u00bb title_text=\u00bblaboratorio\u00bb _builder_version=\u00bb4.21.0&#8243; _module_preset=\u00bbdefault\u00bb custom_margin=\u00bb0px|||-16vw|false|false\u00bb custom_margin_tablet=\u00bb|||0vw|false|false\u00bb custom_margin_phone=\u00bb|||0vw|false|false\u00bb custom_margin_last_edited=\u00bbon|tablet\u00bb border_radii=\u00bbon|20px|20px|20px|20px\u00bb global_colors_info=\u00bb{}\u00bb][\/et_pb_image][\/et_pb_column][et_pb_column type=\u00bb1_2&#8243; _builder_version=\u00bb4.21.0&#8243; _module_preset=\u00bbdefault\u00bb global_colors_info=\u00bb{}\u00bb][et_pb_text _builder_version=\u00bb4.21.0&#8243; _module_preset=\u00bbc16985e1-e0d6-4022-964d-e2bfc04fa633&#8243; text_text_color=\u00bb#ffffff\u00bb header_font=\u00bbClarity City|700|||||||\u00bb header_text_color=\u00bb#202020&#8243; header_font_size=\u00bb65px\u00bb header_line_height=\u00bb1.1em\u00bb custom_margin=\u00bb||30px||false|false\u00bb header_font_size_tablet=\u00bb40px\u00bb header_font_size_phone=\u00bb24px\u00bb header_font_size_last_edited=\u00bbon|desktop\u00bb global_colors_info=\u00bb{}\u00bb]<\/p>\n<h1>Laboratorio<\/h1>\n<p>[\/et_pb_text][et_pb_text _builder_version=\u00bb4.21.0&#8243; _module_preset=\u00bb1f09816e-184e-4ce5-a4cf-b39c52c423ca\u00bb text_font=\u00bbGill Sans||||||||\u00bb text_text_color=\u00bb#202020&#8243; text_font_size=\u00bb20px\u00bb text_line_height=\u00bb1.8em\u00bb custom_margin=\u00bb||30px||false|false\u00bb text_font_size_tablet=\u00bb15px\u00bb text_font_size_phone=\u00bb14px\u00bb text_font_size_last_edited=\u00bbon|phone\u00bb header_font_size_tablet=\u00bb55px\u00bb header_font_size_last_edited=\u00bboff|desktop\u00bb global_colors_info=\u00bb{}\u00bb]<\/p>\n<p><span>En la cl\u00ednica trabajamos con un laboratorio externo con servicio de farmacolog\u00eda y microbiolog\u00eda para ofrecer un servicio integral y c\u00f3modo a nuestros pacientes.<\/span><\/p>\n<p><span>Contamos con los medios necesarios y servicio de enfermer\u00eda para realizar las extracciones de sangre y facilitar al paciente que todo se realice de forma f\u00e1cil, r\u00e1pida y c\u00f3moda en nuestra cl\u00ednica.<\/span><\/p>\n<p><span>Los servicios que se ofrecen son: <\/span><\/p>\n<ul>\n<li><span> <\/span><span>Anal\u00edticas de sangre <\/span><\/li>\n<li><span> <\/span><span>Anal\u00edticas de orina<\/span><\/li>\n<li><span> <\/span><span>Cultivos (Hongos, infecciones &#8230;)<\/span><\/li>\n<li><span> <\/span><span>Biopsias<\/span><\/li>\n<\/ul>\n<p>[\/et_pb_text][et_pb_button button_url=\u00bbhttps:\/\/podologobenidorm.com\/index.php\/laboratorio\/#sabermas\u00bb button_text=\u00bbsaber m\u00e1s\u00bb _builder_version=\u00bb4.21.0&#8243; _module_preset=\u00bb58cc584f-ce38-4d86-b1b9-d4257270a502&#8243; button_text_size=\u00bb18px\u00bb button_text_color=\u00bb#ffffff\u00bb button_bg_color=\u00bb#008E79&#8243; button_letter_spacing=\u00bb2px\u00bb button_font=\u00bbClarity City|700||on|||||\u00bb global_colors_info=\u00bb{}\u00bb][\/et_pb_button][\/et_pb_column][\/et_pb_row][\/et_pb_section][et_pb_section fb_built=\u00bb1&#8243; admin_label=\u00bbHeader\u00bb module_id=\u00bbsabermas\u00bb _builder_version=\u00bb4.21.0&#8243; _module_preset=\u00bbdefault\u00bb background_color=\u00bbRGBA(255,255,255,0)\u00bb background_enable_image=\u00bboff\u00bb overflow-x=\u00bbhidden\u00bb overflow-y=\u00bbhidden\u00bb custom_padding=\u00bb0px||75px||false|false\u00bb da_disable_devices=\u00bboff|off|off\u00bb collapsed=\u00bbon\u00bb global_colors_info=\u00bb{}\u00bb da_is_popup=\u00bboff\u00bb da_exit_intent=\u00bboff\u00bb da_has_close=\u00bbon\u00bb da_alt_close=\u00bboff\u00bb da_dark_close=\u00bboff\u00bb da_not_modal=\u00bbon\u00bb da_is_singular=\u00bboff\u00bb da_with_loader=\u00bboff\u00bb da_has_shadow=\u00bbon\u00bb][et_pb_row column_structure=\u00bb1_2,1_2&#8243; _builder_version=\u00bb4.21.0&#8243; _module_preset=\u00bbdefault\u00bb custom_padding=\u00bb0px||||false|false\u00bb global_colors_info=\u00bb{}\u00bb][et_pb_column type=\u00bb1_2&#8243; _builder_version=\u00bb4.21.0&#8243; _module_preset=\u00bbdefault\u00bb custom_padding=\u00bb0px||||false|false\u00bb custom_padding_tablet=\u00bb12%||||false|false\u00bb custom_padding_phone=\u00bb12%||||false|false\u00bb custom_padding_last_edited=\u00bbon|desktop\u00bb global_colors_info=\u00bb{}\u00bb][et_pb_text _builder_version=\u00bb4.21.0&#8243; _module_preset=\u00bb8f25a4b7-dcd6-4184-bc12-b644b83ddfc1&#8243; text_font=\u00bbGill Sans||||||||\u00bb text_text_color=\u00bb#000000&#8243; text_font_size=\u00bb20px\u00bb header_2_line_height=\u00bb1.2em\u00bb global_colors_info=\u00bb{}\u00bb]<\/p>\n<p><span><\/span><\/p>\n<p><span>Los laboratorios son cruciales en la detecci\u00f3n de afecciones tanto mic\u00f3ticas como v\u00edricas donde el m\u00e9dico microbi\u00f3logo analiza las muestras extra\u00eddas en nuestra cl\u00ednica<\/span><span>, permitiendo diagn\u00f3sticos, tratamientos y prevenci\u00f3n.<\/span><\/p>\n<p><span><\/span><\/p>\n<p><span><\/span><\/p>\n<h2><strong>Patolog\u00edas que precisan an\u00e1lisis de laboratorio:<\/strong><\/h2>\n<ul>\n<li><span>Hongos y levaduras en las u\u00f1as<\/span><\/li>\n<li><span>Hongos en la piel<\/span><\/li>\n<li><span>Ti\u00f1a<\/span><\/li>\n<li><span>Patolog\u00edas descamativas<\/span><\/li>\n<li><span>Biopsia de lesiones extirpadas<\/span><span><\/span><\/li>\n<\/ul>\n<p>[\/et_pb_text][et_pb_button button_url=\u00bbhttps:\/\/api.whatsapp.com\/send?phone=34695840559&#038;text=%C2%A1Hola!%20Me%20gustar%C3%ADa%20solicitar%20una%20cita\u00bb button_text=\u00bbPIDE CITA\u00bb _builder_version=\u00bb4.21.0&#8243; _module_preset=\u00bb3117bc07-6a8a-4679-b3bb-b6ed74b48a2f\u00bb custom_button=\u00bbon\u00bb button_text_size=\u00bb18px\u00bb button_text_color=\u00bb#202020&#8243; button_bg_color=\u00bbRGBA(255,255,255,0)\u00bb button_border_width=\u00bb1px\u00bb button_border_color=\u00bb#202020&#8243; button_border_radius=\u00bb50px\u00bb button_letter_spacing=\u00bb1px\u00bb button_font=\u00bbClarity City|600|||||||\u00bb custom_padding=\u00bb20px|40px|20px|40px|true|true\u00bb global_colors_info=\u00bb{}\u00bb][\/et_pb_button][\/et_pb_column][et_pb_column type=\u00bb1_2&#8243; _builder_version=\u00bb4.19.5&#8243; _module_preset=\u00bbdefault\u00bb global_colors_info=\u00bb{}\u00bb][et_pb_image src=\u00bbhttps:\/\/podologobenidorm.com\/wp-content\/uploads\/2024\/04\/laboratorio-1.jpg\u00bb title_text=\u00bblaboratorio (1)\u00bb _builder_version=\u00bb4.21.0&#8243; _module_preset=\u00bbdefault\u00bb custom_margin=\u00bb|-15vw|0px||false|false\u00bb custom_margin_tablet=\u00bb||||false|false\u00bb custom_margin_last_edited=\u00bboff|tablet\u00bb border_radii=\u00bboff|||20px|100px\u00bb global_colors_info=\u00bb{}\u00bb][\/et_pb_image][\/et_pb_column][\/et_pb_row][\/et_pb_section][et_pb_section fb_built=\u00bb1&#8243; admin_label=\u00bbTestimonail\u00bb _builder_version=\u00bb4.21.0&#8243; _module_preset=\u00bbdefault\u00bb background_enable_color=\u00bboff\u00bb custom_margin=\u00bb0px|||||\u00bb custom_padding=\u00bb55px||55px||true|\u00bb da_disable_devices=\u00bboff|off|off\u00bb global_colors_info=\u00bb{}\u00bb da_is_popup=\u00bboff\u00bb da_exit_intent=\u00bboff\u00bb da_has_close=\u00bbon\u00bb da_alt_close=\u00bboff\u00bb da_dark_close=\u00bboff\u00bb da_not_modal=\u00bbon\u00bb da_is_singular=\u00bboff\u00bb da_with_loader=\u00bboff\u00bb da_has_shadow=\u00bbon\u00bb][et_pb_row column_structure=\u00bb1_2,1_2&#8243; _builder_version=\u00bb4.16&#8243; _module_preset=\u00bbdefault\u00bb global_colors_info=\u00bb{}\u00bb][et_pb_column type=\u00bb1_2&#8243; _builder_version=\u00bb4.16&#8243; _module_preset=\u00bbdefault\u00bb custom_padding=\u00bb70px||||false|false\u00bb custom_padding_tablet=\u00bb0px||||false|false\u00bb custom_padding_phone=\u00bb\u00bb custom_padding_last_edited=\u00bbon|phone\u00bb global_colors_info=\u00bb{}\u00bb][et_pb_text _builder_version=\u00bb4.21.0&#8243; _module_preset=\u00bb1da4c4f2-8e53-4788-a9f5-4d073216150a\u00bb header_2_font=\u00bbClarity City|700|||||||\u00bb header_2_text_color=\u00bb#202020&#8243; header_2_font_size=\u00bb50px\u00bb header_2_line_height=\u00bb1.1em\u00bb header_2_font_size_tablet=\u00bb34px\u00bb header_2_font_size_phone=\u00bb24px\u00bb header_2_font_size_last_edited=\u00bbon|phone\u00bb locked=\u00bboff\u00bb global_colors_info=\u00bb{}\u00bb]<\/p>\n<h2>La opini\u00f3n de nuestros pacientes<\/h2>\n<p>[\/et_pb_text][et_pb_divider color=\u00bb#959595&#8243; _builder_version=\u00bb4.16&#8243; _module_preset=\u00bbdefault\u00bb width=\u00bb60%\u00bb locked=\u00bboff\u00bb global_colors_info=\u00bb{}\u00bb][\/et_pb_divider][et_pb_text _builder_version=\u00bb4.21.0&#8243; _module_preset=\u00bbfb3d65bf-a8b3-4897-95f4-4b2325e4d896&#8243; text_line_height=\u00bb1.8em\u00bb link_text_color=\u00bb#003E51&#8243; text_font_size_tablet=\u00bb15px\u00bb text_font_size_phone=\u00bb14px\u00bb text_font_size_last_edited=\u00bbon|phone\u00bb locked=\u00bboff\u00bb global_colors_info=\u00bb{}\u00bb]<\/p>\n<p><span>En L\u00d3PEZ-BEL\u00cdO FOOT CENTER, nuestros pacientes son nuestra prioridad absoluta. Trabajamos incansablemente para garantizar su bienestar, comodidad y salud podol\u00f3gica. Su confianza en nosotros es nuestro motor para ofrecer la mejor atenci\u00f3n posible.<\/span><\/p>\n<p>[\/et_pb_text][\/et_pb_column][et_pb_column type=\u00bb1_2&#8243; _builder_version=\u00bb4.16&#8243; _module_preset=\u00bbdefault\u00bb global_colors_info=\u00bb{}\u00bb][et_pb_testimonial author=\u00bbJos\u00e9 Andr\u00e9s D\u00edaz\u00bb quote_icon=\u00bboff\u00bb quote_icon_color=\u00bb#cfd1d3&#8243; quote_icon_background_color=\u00bb#ffffff\u00bb portrait_width=\u00bb40px\u00bb portrait_height=\u00bb40px\u00bb _builder_version=\u00bb4.21.0&#8243; _module_preset=\u00bbdefault\u00bb body_line_height=\u00bb1.6em\u00bb author_font=\u00bbGill Sans|700|||||||\u00bb author_text_color=\u00bb#202020&#8243; background_color=\u00bb#fcf9f9&#8243; border_radii=\u00bboff|||100px|\u00bb border_radii_tablet=\u00bboff|||120px|\u00bb border_radii_phone=\u00bbon|10px|10px|10px|10px\u00bb border_radii_last_edited=\u00bbon|phone\u00bb global_colors_info=\u00bb{}\u00bb]<\/p>\n<p><span>\u00abExcelente equipo d profesionales, con la tecnolog\u00eda m\u00e1s avanzada. Detectaron mi dolencia en la u\u00f1a intervini\u00e9ndome el canal sin dolor y quitaron el dolor que hab\u00eda padecido durante a\u00f1os. GRACIAS!!\u00bb<\/span><\/p>\n<p>[\/et_pb_testimonial][et_pb_testimonial author=\u00bbLoli Erans\u00bb quote_icon=\u00bboff\u00bb quote_icon_color=\u00bb#cfd1d3&#8243; quote_icon_background_color=\u00bb#ffffff\u00bb portrait_width=\u00bb40px\u00bb portrait_height=\u00bb40px\u00bb _builder_version=\u00bb4.21.0&#8243; _module_preset=\u00bbdefault\u00bb body_line_height=\u00bb1.6em\u00bb author_font=\u00bbGill Sans|700|||||||\u00bb author_text_color=\u00bb#202020&#8243; background_color=\u00bb#fcf9f9&#8243; border_radii=\u00bboff|||100px|\u00bb border_radii_tablet=\u00bboff|||120px|\u00bb border_radii_phone=\u00bbon|10px|10px|10px|10px\u00bb border_radii_last_edited=\u00bbon|phone\u00bb global_colors_info=\u00bb{}\u00bb]<\/p>\n<p><span>\u00abCl\u00ednica muy bien equipada, trato personal excelente. Realizada cirug\u00eda en ambos pies de u\u00f1a encarnada bilateral con muy buen resultado. En cuatro a\u00f1os acudiendo a la consulta siempre he sido atendida puntualmente.\u00bb<\/span><\/p>\n<p>[\/et_pb_testimonial][\/et_pb_column][\/et_pb_row][\/et_pb_section]<\/p>\n","protected":false},"excerpt":{"rendered":"<p>LaboratorioEn la cl\u00ednica trabajamos con un laboratorio externo con servicio de farmacolog\u00eda y microbiolog\u00eda para ofrecer un servicio integral y c\u00f3modo a nuestros pacientes. Contamos con los medios necesarios y servicio de enfermer\u00eda para realizar las extracciones de sangre y facilitar al paciente que todo se realice de forma f\u00e1cil, r\u00e1pida y c\u00f3moda en nuestra [&hellip;]<\/p>\n","protected":false},"author":1,"featured_media":0,"parent":0,"menu_order":0,"comment_status":"closed","ping_status":"closed","template":"","meta":{"_et_pb_use_builder":"on","_et_pb_old_content":"","_et_gb_content_width":"","footnotes":""},"class_list":["post-482","page","type-page","status-publish","hentry"],"_links":{"self":[{"href":"https:\/\/podologobenidorm.com\/index.php\/wp-json\/wp\/v2\/pages\/482","targetHints":{"allow":["GET"]}}],"collection":[{"href":"https:\/\/podologobenidorm.com\/index.php\/wp-json\/wp\/v2\/pages"}],"about":[{"href":"https:\/\/podologobenidorm.com\/index.php\/wp-json\/wp\/v2\/types\/page"}],"author":[{"embeddable":true,"href":"https:\/\/podologobenidorm.com\/index.php\/wp-json\/wp\/v2\/users\/1"}],"replies":[{"embeddable":true,"href":"https:\/\/podologobenidorm.com\/index.php\/wp-json\/wp\/v2\/comments?post=482"}],"version-history":[{"count":18,"href":"https:\/\/podologobenidorm.com\/index.php\/wp-json\/wp\/v2\/pages\/482\/revisions"}],"predecessor-version":[{"id":1522,"href":"https:\/\/podologobenidorm.com\/index.php\/wp-json\/wp\/v2\/pages\/482\/revisions\/1522"}],"wp:attachment":[{"href":"https:\/\/podologobenidorm.com\/index.php\/wp-json\/wp\/v2\/media?parent=482"}],"curies":[{"name":"wp","href":"https:\/\/api.w.org\/{rel}","templated":true}]}}